{"id":46,"date":"2024-03-14T00:53:19","date_gmt":"2024-03-14T00:53:19","guid":{"rendered":"http:\/\/pands-juangarces"},"modified":"2024-03-27T20:39:21","modified_gmt":"2024-03-27T20:39:21","slug":"nuestra-compania","status":"publish","type":"page","link":"https:\/\/www.partsandsolutions.com.co\/es\/nuestra-compania\/","title":{"rendered":"Our company"},"content":{"rendered":"<div data-elementor-type=\"wp-page\" data-elementor-id=\"46\" class=\"elementor elementor-46\" data-elementor-post-type=\"page\">\n\t\t\t\t<div class=\"elementor-element elementor-element-5f6564cc e-flex e-con-boxed e-con e-parent\" data-id=\"5f6564cc\" data-element_type=\"container\" data-e-type=\"container\" data-settings=\"{&quot;background_background&quot;:&quot;classic&quot;}\">\n\t\t\t\t\t<div class=\"e-con-inner\">\n\t\t<div class=\"elementor-element elementor-element-2e46381d e-con-full e-flex e-con e-child\" data-id=\"2e46381d\" data-element_type=\"container\" data-e-type=\"container\">\n\t\t\t\t<div class=\"elementor-element elementor-element-70fc2696 elementor-widget elementor-widget-heading\" data-id=\"70fc2696\" data-element_type=\"widget\" data-e-type=\"widget\" data-widget_type=\"heading.default\">\n\t\t\t\t<div class=\"elementor-widget-container\">\n\t\t\t\t\t<h2 class=\"elementor-heading-title elementor-size-default\">Our company<\/h2>\t\t\t\t<\/div>\n\t\t\t\t<\/div>\n\t\t\t\t<div class=\"elementor-element elementor-element-2a451f23 elementor-widget elementor-widget-heading\" data-id=\"2a451f23\" data-element_type=\"widget\" data-e-type=\"widget\" data-widget_type=\"heading.default\">\n\t\t\t\t<div class=\"elementor-widget-container\">\n\t\t\t\t\t<h2 class=\"elementor-heading-title elementor-size-default\">Providing the best maintenance service for trains and railway equipment since 2013.<\/h2>\t\t\t\t<\/div>\n\t\t\t\t<\/div>\n\t\t\t\t<div class=\"elementor-element elementor-element-5b9096fd elementor-widget elementor-widget-text-editor\" data-id=\"5b9096fd\" data-element_type=\"widget\" data-e-type=\"widget\" data-widget_type=\"text-editor.default\">\n\t\t\t\t<div class=\"elementor-widget-container\">\n\t\t\t\t\t\t\t\t\t<p>We work on finding solutions to provide greater safety in the transportation industry.<br \/>We have a team with over 20 years of experience, constantly working in a creative and innovative manner to enhance your company's performance.<\/p>\t\t\t\t\t\t\t\t<\/div>\n\t\t\t\t<\/div>\n\t\t\t\t<\/div>\n\t\t\t\t\t<\/div>\n\t\t\t\t<\/div>\n\t\t<div class=\"elementor-element elementor-element-4e83c58a e-con-full e-flex e-con e-parent\" data-id=\"4e83c58a\" data-element_type=\"container\" data-e-type=\"container\" data-settings=\"{&quot;background_background&quot;:&quot;classic&quot;}\">\n\t\t\t\t<\/div>\n\t\t<div class=\"elementor-element elementor-element-1bccf8bc e-flex e-con-boxed e-con e-parent\" data-id=\"1bccf8bc\" data-element_type=\"container\" data-e-type=\"container\">\n\t\t\t\t\t<div class=\"e-con-inner\">\n\t\t<div class=\"elementor-element elementor-element-3e137c27 e-con-full e-flex e-con e-child\" data-id=\"3e137c27\" data-element_type=\"container\" data-e-type=\"container\">\n\t\t\t\t<div class=\"elementor-element elementor-element-608b7d17 elementor-widget elementor-widget-heading\" data-id=\"608b7d17\" data-element_type=\"widget\" data-e-type=\"widget\" data-widget_type=\"heading.default\">\n\t\t\t\t<div class=\"elementor-widget-container\">\n\t\t\t\t\t<h2 class=\"elementor-heading-title elementor-size-default\">Our Mission<\/h2>\t\t\t\t<\/div>\n\t\t\t\t<\/div>\n\t\t\t\t<div class=\"elementor-element elementor-element-6c331fe4 elementor-widget elementor-widget-text-editor\" data-id=\"6c331fe4\" data-element_type=\"widget\" data-e-type=\"widget\" data-widget_type=\"text-editor.default\">\n\t\t\t\t<div class=\"elementor-widget-container\">\n\t\t\t\t\t\t\t\t\t<p>Facing the everyday challenges to maintain us at the highest level within the industries providing quality and effectiveness in all our services. Adapting us to the needs of our customers and assuring delivery on time; we have proven, that our customers are our priority.<\/p>\t\t\t\t\t\t\t\t<\/div>\n\t\t\t\t<\/div>\n\t\t\t\t<\/div>\n\t\t<div class=\"elementor-element elementor-element-7f9c782a e-con-full e-flex e-con e-child\" data-id=\"7f9c782a\" data-element_type=\"container\" data-e-type=\"container\">\n\t\t\t\t<div class=\"elementor-element elementor-element-2de6d6e2 elementor-widget elementor-widget-image\" data-id=\"2de6d6e2\" data-element_type=\"widget\" data-e-type=\"widget\" data-widget_type=\"image.default\">\n\t\t\t\t<div class=\"elementor-widget-container\">\n\t\t\t\t\t\t\t\t\t\t\t\t\t\t\t<img fetchpriority=\"high\" decoding=\"async\" width=\"2000\" height=\"1334\" src=\"https:\/\/www.partsandsolutions.com.co\/wp-content\/uploads\/2024\/03\/CAR05115-1.jpg\" class=\"attachment-full size-full wp-image-292\" alt=\"\" srcset=\"https:\/\/www.partsandsolutions.com.co\/wp-content\/uploads\/2024\/03\/CAR05115-1.jpg 2000w, https:\/\/www.partsandsolutions.com.co\/wp-content\/uploads\/2024\/03\/CAR05115-1-300x200.jpg 300w, https:\/\/www.partsandsolutions.com.co\/wp-content\/uploads\/2024\/03\/CAR05115-1-1024x683.jpg 1024w, https:\/\/www.partsandsolutions.com.co\/wp-content\/uploads\/2024\/03\/CAR05115-1-768x512.jpg 768w, https:\/\/www.partsandsolutions.com.co\/wp-content\/uploads\/2024\/03\/CAR05115-1-1536x1025.jpg 1536w\" sizes=\"(max-width: 2000px) 100vw, 2000px\" \/>\t\t\t\t\t\t\t\t\t\t\t\t\t\t\t<\/div>\n\t\t\t\t<\/div>\n\t\t\t\t<\/div>\n\t\t\t\t\t<\/div>\n\t\t\t\t<\/div>\n\t\t<div class=\"elementor-element elementor-element-767a1db6 e-flex e-con-boxed e-con e-parent\" data-id=\"767a1db6\" data-element_type=\"container\" data-e-type=\"container\">\n\t\t\t\t\t<div class=\"e-con-inner\">\n\t\t<div class=\"elementor-element elementor-element-66f2ebf0 e-con-full e-flex e-con e-child\" data-id=\"66f2ebf0\" data-element_type=\"container\" data-e-type=\"container\">\n\t\t\t\t<div class=\"elementor-element elementor-element-1b1eee14 elementor-widget elementor-widget-image\" data-id=\"1b1eee14\" data-element_type=\"widget\" data-e-type=\"widget\" data-widget_type=\"image.default\">\n\t\t\t\t<div class=\"elementor-widget-container\">\n\t\t\t\t\t\t\t\t\t\t\t\t\t\t\t<img decoding=\"async\" width=\"1200\" height=\"1600\" src=\"https:\/\/www.partsandsolutions.com.co\/wp-content\/uploads\/2024\/03\/Pruebas-Jerusalem.jpg\" class=\"attachment-full size-full wp-image-151\" alt=\"\" srcset=\"https:\/\/www.partsandsolutions.com.co\/wp-content\/uploads\/2024\/03\/Pruebas-Jerusalem.jpg 1200w, https:\/\/www.partsandsolutions.com.co\/wp-content\/uploads\/2024\/03\/Pruebas-Jerusalem-225x300.jpg 225w, https:\/\/www.partsandsolutions.com.co\/wp-content\/uploads\/2024\/03\/Pruebas-Jerusalem-768x1024.jpg 768w, https:\/\/www.partsandsolutions.com.co\/wp-content\/uploads\/2024\/03\/Pruebas-Jerusalem-1152x1536.jpg 1152w\" sizes=\"(max-width: 1200px) 100vw, 1200px\" \/>\t\t\t\t\t\t\t\t\t\t\t\t\t\t\t<\/div>\n\t\t\t\t<\/div>\n\t\t\t\t<\/div>\n\t\t<div class=\"elementor-element elementor-element-44dfb39a e-con-full e-flex e-con e-child\" data-id=\"44dfb39a\" data-element_type=\"container\" data-e-type=\"container\">\n\t\t\t\t<div class=\"elementor-element elementor-element-213d6f6a elementor-widget elementor-widget-heading\" data-id=\"213d6f6a\" data-element_type=\"widget\" data-e-type=\"widget\" data-widget_type=\"heading.default\">\n\t\t\t\t<div class=\"elementor-widget-container\">\n\t\t\t\t\t<h2 class=\"elementor-heading-title elementor-size-default\">Our vision<\/h2>\t\t\t\t<\/div>\n\t\t\t\t<\/div>\n\t\t\t\t<div class=\"elementor-element elementor-element-60f31086 elementor-widget elementor-widget-text-editor\" data-id=\"60f31086\" data-element_type=\"widget\" data-e-type=\"widget\" data-widget_type=\"text-editor.default\">\n\t\t\t\t<div class=\"elementor-widget-container\">\n\t\t\t\t\t\t\t\t\t<p>To become a pioneer company in the railway sector.  Committing ourselves to be part of the technological evolution of the sector, innovating, changing, keeping ourselves trained and up to date.<\/p>\t\t\t\t\t\t\t\t<\/div>\n\t\t\t\t<\/div>\n\t\t\t\t<\/div>\n\t\t\t\t\t<\/div>\n\t\t\t\t<\/div>\n\t\t<div class=\"elementor-element elementor-element-70adad7 e-flex e-con-boxed e-con e-parent\" data-id=\"70adad7\" data-element_type=\"container\" data-e-type=\"container\" data-settings=\"{&quot;background_background&quot;:&quot;classic&quot;}\">\n\t\t\t\t\t<div class=\"e-con-inner\">\n\t\t\t\t<div class=\"elementor-element elementor-element-3d1e9cda elementor-widget elementor-widget-heading\" data-id=\"3d1e9cda\" data-element_type=\"widget\" data-e-type=\"widget\" data-widget_type=\"heading.default\">\n\t\t\t\t<div class=\"elementor-widget-container\">\n\t\t\t\t\t<h2 class=\"elementor-heading-title elementor-size-default\">Join the journey towards innovation!<\/h2>\t\t\t\t<\/div>\n\t\t\t\t<\/div>\n\t\t\t\t<div class=\"elementor-element elementor-element-c46605b elementor-align-center elementor-widget elementor-widget-button\" data-id=\"c46605b\" data-element_type=\"widget\" data-e-type=\"widget\" data-widget_type=\"button.default\">\n\t\t\t\t<div class=\"elementor-widget-container\">\n\t\t\t\t\t\t\t\t\t<div class=\"elementor-button-wrapper\">\n\t\t\t\t\t<a class=\"elementor-button elementor-button-link elementor-size-sm\" href=\"https:\/\/www.partsandsolutions.com.co\/es\/contactanos\/\">\n\t\t\t\t\t\t<span class=\"elementor-button-content-wrapper\">\n\t\t\t\t\t\t\t\t\t<span class=\"elementor-button-text\">Contact us<\/span>\n\t\t\t\t\t<\/span>\n\t\t\t\t\t<\/a>\n\t\t\t\t<\/div>\n\t\t\t\t\t\t\t\t<\/div>\n\t\t\t\t<\/div>\n\t\t\t\t\t<\/div>\n\t\t\t\t<\/div>\n\t\t\t\t<\/div>","protected":false},"excerpt":{"rendered":"<p>Nuestra compa\u00f1\u00eda Desde 2013 brindando el mejor servicio de mantenimiento de trenes y equipos ferroviarios. Trabajamos en la b\u00fasqueda de soluciones, para as\u00ed brindar una mayor seguridad en la industria de transporte.Contamos con personal de m\u00e1s de 20 a\u00f1os de experiencia, el cual trabaja constantemente de una manera creativa e innovadora para mejorar el rendimiento [&hellip;]<\/p>\n","protected":false},"author":1,"featured_media":0,"parent":0,"menu_order":0,"comment_status":"closed","ping_status":"closed","template":"elementor_header_footer","meta":{"_acf_changed":false,"footnotes":""},"class_list":["post-46","page","type-page","status-publish","hentry"],"acf":[],"yoast_head":"<!-- This site is optimized with the Yoast SEO plugin v27.5 - https:\/\/yoast.com\/product\/yoast-seo-wordpress\/ -->\n<title>Nuestra compa\u00f1\u00eda | Parts and Solutions | Especialistas en Modernizaci\u00f3n y Mantenimiento de Equipos Ferroviarios<\/title>\n<meta name=\"robots\" content=\"index, follow, max-snippet:-1, max-image-preview:large, max-video-preview:-1\" \/>\n<link rel=\"canonical\" href=\"https:\/\/www.partsandsolutions.com.co\/es\/nuestra-compania\/\" \/>\n<meta property=\"og:locale\" content=\"en_US\" \/>\n<meta property=\"og:type\" content=\"article\" \/>\n<meta property=\"og:title\" content=\"Nuestra compa\u00f1\u00eda | Parts and Solutions | Especialistas en Modernizaci\u00f3n y Mantenimiento de Equipos Ferroviarios\" \/>\n<meta property=\"og:description\" content=\"Nuestra compa\u00f1\u00eda Desde 2013 brindando el mejor servicio de mantenimiento de trenes y equipos ferroviarios. Trabajamos en la b\u00fasqueda de soluciones, para as\u00ed brindar una mayor seguridad en la industria de transporte.Contamos con personal de m\u00e1s de 20 a\u00f1os de experiencia, el cual trabaja constantemente de una manera creativa e innovadora para mejorar el rendimiento [&hellip;]\" \/>\n<meta property=\"og:url\" content=\"https:\/\/www.partsandsolutions.com.co\/es\/nuestra-compania\/\" \/>\n<meta property=\"og:site_name\" content=\"Parts and Solutions | Especialistas en Modernizaci\u00f3n y Mantenimiento de Equipos Ferroviarios\" \/>\n<meta property=\"article:modified_time\" content=\"2024-03-27T20:39:21+00:00\" \/>\n<meta property=\"og:image\" content=\"https:\/\/www.partsandsolutions.com.co\/wp-content\/uploads\/2024\/03\/CAR05115-1.jpg\" \/>\n<meta name=\"twitter:card\" content=\"summary_large_image\" \/>\n<meta name=\"twitter:label1\" content=\"Est. reading time\" \/>\n\t<meta name=\"twitter:data1\" content=\"1 minute\" \/>\n<script type=\"application\/ld+json\" class=\"yoast-schema-graph\">{\"@context\":\"https:\\\/\\\/schema.org\",\"@graph\":[{\"@type\":\"WebPage\",\"@id\":\"https:\\\/\\\/www.partsandsolutions.com.co\\\/nuestra-compania\\\/\",\"url\":\"https:\\\/\\\/www.partsandsolutions.com.co\\\/nuestra-compania\\\/\",\"name\":\"Nuestra compa\u00f1\u00eda | Parts and Solutions | Especialistas en Modernizaci\u00f3n y Mantenimiento de Equipos Ferroviarios\",\"isPartOf\":{\"@id\":\"https:\\\/\\\/www.partsandsolutions.com.co\\\/#website\"},\"primaryImageOfPage\":{\"@id\":\"https:\\\/\\\/www.partsandsolutions.com.co\\\/nuestra-compania\\\/#primaryimage\"},\"image\":{\"@id\":\"https:\\\/\\\/www.partsandsolutions.com.co\\\/nuestra-compania\\\/#primaryimage\"},\"thumbnailUrl\":\"https:\\\/\\\/www.partsandsolutions.com.co\\\/wp-content\\\/uploads\\\/2024\\\/03\\\/CAR05115-1.jpg\",\"datePublished\":\"2024-03-14T00:53:19+00:00\",\"dateModified\":\"2024-03-27T20:39:21+00:00\",\"breadcrumb\":{\"@id\":\"https:\\\/\\\/www.partsandsolutions.com.co\\\/nuestra-compania\\\/#breadcrumb\"},\"inLanguage\":\"en-US\",\"potentialAction\":[{\"@type\":\"ReadAction\",\"target\":[\"https:\\\/\\\/www.partsandsolutions.com.co\\\/nuestra-compania\\\/\"]}]},{\"@type\":\"ImageObject\",\"inLanguage\":\"en-US\",\"@id\":\"https:\\\/\\\/www.partsandsolutions.com.co\\\/nuestra-compania\\\/#primaryimage\",\"url\":\"https:\\\/\\\/www.partsandsolutions.com.co\\\/wp-content\\\/uploads\\\/2024\\\/03\\\/CAR05115-1.jpg\",\"contentUrl\":\"https:\\\/\\\/www.partsandsolutions.com.co\\\/wp-content\\\/uploads\\\/2024\\\/03\\\/CAR05115-1.jpg\"},{\"@type\":\"BreadcrumbList\",\"@id\":\"https:\\\/\\\/www.partsandsolutions.com.co\\\/nuestra-compania\\\/#breadcrumb\",\"itemListElement\":[{\"@type\":\"ListItem\",\"position\":1,\"name\":\"Portada\",\"item\":\"https:\\\/\\\/www.partsandsolutions.com.co\\\/\"},{\"@type\":\"ListItem\",\"position\":2,\"name\":\"Nuestra compa\u00f1\u00eda\"}]},{\"@type\":\"WebSite\",\"@id\":\"https:\\\/\\\/www.partsandsolutions.com.co\\\/#website\",\"url\":\"https:\\\/\\\/www.partsandsolutions.com.co\\\/\",\"name\":\"Parts and Solutions\",\"description\":\"Especialistas en Modernizaci\u00f3n y Mantenimiento de Equipos Ferroviarios\",\"publisher\":{\"@id\":\"https:\\\/\\\/www.partsandsolutions.com.co\\\/#organization\"},\"alternateName\":\"Parts and Solutions\",\"potentialAction\":[{\"@type\":\"SearchAction\",\"target\":{\"@type\":\"EntryPoint\",\"urlTemplate\":\"https:\\\/\\\/www.partsandsolutions.com.co\\\/?s={search_term_string}\"},\"query-input\":{\"@type\":\"PropertyValueSpecification\",\"valueRequired\":true,\"valueName\":\"search_term_string\"}}],\"inLanguage\":\"en-US\"},{\"@type\":\"Organization\",\"@id\":\"https:\\\/\\\/www.partsandsolutions.com.co\\\/#organization\",\"name\":\"Parts and Solutions\",\"url\":\"https:\\\/\\\/www.partsandsolutions.com.co\\\/\",\"logo\":{\"@type\":\"ImageObject\",\"inLanguage\":\"en-US\",\"@id\":\"https:\\\/\\\/www.partsandsolutions.com.co\\\/#\\\/schema\\\/logo\\\/image\\\/\",\"url\":\"https:\\\/\\\/www.partsandsolutions.com.co\\\/wp-content\\\/uploads\\\/2024\\\/03\\\/parts-and-solutions-logo-normal.png\",\"contentUrl\":\"https:\\\/\\\/www.partsandsolutions.com.co\\\/wp-content\\\/uploads\\\/2024\\\/03\\\/parts-and-solutions-logo-normal.png\",\"width\":722,\"height\":92,\"caption\":\"Parts and Solutions\"},\"image\":{\"@id\":\"https:\\\/\\\/www.partsandsolutions.com.co\\\/#\\\/schema\\\/logo\\\/image\\\/\"}}]}<\/script>\n<!-- \/ Yoast SEO plugin. -->","yoast_head_json":{"title":"Nuestra compa\u00f1\u00eda | Parts and Solutions | Especialistas en Modernizaci\u00f3n y Mantenimiento de Equipos Ferroviarios","robots":{"index":"index","follow":"follow","max-snippet":"max-snippet:-1","max-image-preview":"max-image-preview:large","max-video-preview":"max-video-preview:-1"},"canonical":"https:\/\/www.partsandsolutions.com.co\/es\/nuestra-compania\/","og_locale":"en_US","og_type":"article","og_title":"Nuestra compa\u00f1\u00eda | Parts and Solutions | Especialistas en Modernizaci\u00f3n y Mantenimiento de Equipos Ferroviarios","og_description":"Nuestra compa\u00f1\u00eda Desde 2013 brindando el mejor servicio de mantenimiento de trenes y equipos ferroviarios. Trabajamos en la b\u00fasqueda de soluciones, para as\u00ed brindar una mayor seguridad en la industria de transporte.Contamos con personal de m\u00e1s de 20 a\u00f1os de experiencia, el cual trabaja constantemente de una manera creativa e innovadora para mejorar el rendimiento [&hellip;]","og_url":"https:\/\/www.partsandsolutions.com.co\/es\/nuestra-compania\/","og_site_name":"Parts and Solutions | Especialistas en Modernizaci\u00f3n y Mantenimiento de Equipos Ferroviarios","article_modified_time":"2024-03-27T20:39:21+00:00","og_image":[{"url":"https:\/\/www.partsandsolutions.com.co\/wp-content\/uploads\/2024\/03\/CAR05115-1.jpg","type":"","width":"","height":""}],"twitter_card":"summary_large_image","twitter_misc":{"Est. reading time":"1 minute"},"schema":{"@context":"https:\/\/schema.org","@graph":[{"@type":"WebPage","@id":"https:\/\/www.partsandsolutions.com.co\/nuestra-compania\/","url":"https:\/\/www.partsandsolutions.com.co\/nuestra-compania\/","name":"Nuestra compa\u00f1\u00eda | Parts and Solutions | Especialistas en Modernizaci\u00f3n y Mantenimiento de Equipos Ferroviarios","isPartOf":{"@id":"https:\/\/www.partsandsolutions.com.co\/#website"},"primaryImageOfPage":{"@id":"https:\/\/www.partsandsolutions.com.co\/nuestra-compania\/#primaryimage"},"image":{"@id":"https:\/\/www.partsandsolutions.com.co\/nuestra-compania\/#primaryimage"},"thumbnailUrl":"https:\/\/www.partsandsolutions.com.co\/wp-content\/uploads\/2024\/03\/CAR05115-1.jpg","datePublished":"2024-03-14T00:53:19+00:00","dateModified":"2024-03-27T20:39:21+00:00","breadcrumb":{"@id":"https:\/\/www.partsandsolutions.com.co\/nuestra-compania\/#breadcrumb"},"inLanguage":"en-US","potentialAction":[{"@type":"ReadAction","target":["https:\/\/www.partsandsolutions.com.co\/nuestra-compania\/"]}]},{"@type":"ImageObject","inLanguage":"en-US","@id":"https:\/\/www.partsandsolutions.com.co\/nuestra-compania\/#primaryimage","url":"https:\/\/www.partsandsolutions.com.co\/wp-content\/uploads\/2024\/03\/CAR05115-1.jpg","contentUrl":"https:\/\/www.partsandsolutions.com.co\/wp-content\/uploads\/2024\/03\/CAR05115-1.jpg"},{"@type":"BreadcrumbList","@id":"https:\/\/www.partsandsolutions.com.co\/nuestra-compania\/#breadcrumb","itemListElement":[{"@type":"ListItem","position":1,"name":"Portada","item":"https:\/\/www.partsandsolutions.com.co\/"},{"@type":"ListItem","position":2,"name":"Nuestra compa\u00f1\u00eda"}]},{"@type":"WebSite","@id":"https:\/\/www.partsandsolutions.com.co\/#website","url":"https:\/\/www.partsandsolutions.com.co\/","name":"Parts and Solutions","description":"Especialistas en Modernizaci\u00f3n y Mantenimiento de Equipos Ferroviarios","publisher":{"@id":"https:\/\/www.partsandsolutions.com.co\/#organization"},"alternateName":"Parts and Solutions","potentialAction":[{"@type":"SearchAction","target":{"@type":"EntryPoint","urlTemplate":"https:\/\/www.partsandsolutions.com.co\/?s={search_term_string}"},"query-input":{"@type":"PropertyValueSpecification","valueRequired":true,"valueName":"search_term_string"}}],"inLanguage":"en-US"},{"@type":"Organization","@id":"https:\/\/www.partsandsolutions.com.co\/#organization","name":"Parts and Solutions","url":"https:\/\/www.partsandsolutions.com.co\/","logo":{"@type":"ImageObject","inLanguage":"en-US","@id":"https:\/\/www.partsandsolutions.com.co\/#\/schema\/logo\/image\/","url":"https:\/\/www.partsandsolutions.com.co\/wp-content\/uploads\/2024\/03\/parts-and-solutions-logo-normal.png","contentUrl":"https:\/\/www.partsandsolutions.com.co\/wp-content\/uploads\/2024\/03\/parts-and-solutions-logo-normal.png","width":722,"height":92,"caption":"Parts and Solutions"},"image":{"@id":"https:\/\/www.partsandsolutions.com.co\/#\/schema\/logo\/image\/"}}]}},"_links":{"self":[{"href":"https:\/\/www.partsandsolutions.com.co\/es\/wp-json\/wp\/v2\/pages\/46","targetHints":{"allow":["GET"]}}],"collection":[{"href":"https:\/\/www.partsandsolutions.com.co\/es\/wp-json\/wp\/v2\/pages"}],"about":[{"href":"https:\/\/www.partsandsolutions.com.co\/es\/wp-json\/wp\/v2\/types\/page"}],"author":[{"embeddable":true,"href":"https:\/\/www.partsandsolutions.com.co\/es\/wp-json\/wp\/v2\/users\/1"}],"replies":[{"embeddable":true,"href":"https:\/\/www.partsandsolutions.com.co\/es\/wp-json\/wp\/v2\/comments?post=46"}],"version-history":[{"count":24,"href":"https:\/\/www.partsandsolutions.com.co\/es\/wp-json\/wp\/v2\/pages\/46\/revisions"}],"predecessor-version":[{"id":697,"href":"https:\/\/www.partsandsolutions.com.co\/es\/wp-json\/wp\/v2\/pages\/46\/revisions\/697"}],"wp:attachment":[{"href":"https:\/\/www.partsandsolutions.com.co\/es\/wp-json\/wp\/v2\/media?parent=46"}],"curies":[{"name":"wp","href":"https:\/\/api.w.org\/{rel}","templated":true}]}}